{"id":2057,"date":"2026-02-14T18:28:15","date_gmt":"2026-02-14T18:28:15","guid":{"rendered":"https:\/\/forestgreen-hyena-577090.hostingersite.com\/?page_id=2057"},"modified":"2026-02-20T20:53:58","modified_gmt":"2026-02-20T20:53:58","slug":"payment-methods","status":"publish","type":"page","link":"https:\/\/visitjordan.tours\/es\/payment-methods\/","title":{"rendered":"M\u00e9todos de pago"},"content":{"rendered":"<div class=\"wp-block-group is-layout-constrained wp-block-group-is-layout-constrained\"><div class=\"wp-block-group__inner-container\">\n<h2 class=\"wp-block-heading has-text-align-center has-large-font-size\" style=\"text-transform:capitalize\">M\u00e9todos de pago \u2013 Aisha Tours<\/h2>\n\n\n\n<h2 class=\"wp-block-heading has-text-align-center has-medium-font-size\" style=\"text-transform:capitalize\"><strong>Opciones de pago seguras y flexibles<\/strong><\/h2>\n\n\n\n<p class=\"has-text-align-center\">En <strong>Aisha Tours<\/strong>, Hacemos que reservar tu viaje a Jordania sea sencillo y seguro.<br>Ofrecemos m\u00faltiples m\u00e9todos de pago seguros para adaptarnos a las necesidades de viajeros de todo el mundo.<\/p>\n<\/div><\/div>\n\n\n<div data-spectra-id=\"spectra-mlvcj8j2-p4lats\"\tstyle=\"overflow: visible;\" class=\"spectra-is-root-container alignfull spectra-overlay-color spectra-overflow wp-block-spectra-container\" data-orientation=\"vertical\"\t>\n\t\n\n<div class=\"wp-block-columns is-layout-flex wp-container-core-columns-is-layout-28f84493 wp-block-columns-is-layout-flex\">\n<div class=\"wp-block-column has-border-color has-luminous-vivid-amber-border-color is-layout-flow wp-block-column-is-layout-flow\" style=\"border-width:3px;padding-top:2px;padding-right:2px;padding-bottom:2px;padding-left:2px\">\n<h2 class=\"wp-block-heading\" style=\"text-transform:capitalize\">(Tarjetas de cr\u00e9dito y d\u00e9bito)<\/h2>\n\n\n\n<p>Aceptamos pagos con tarjeta internacionales a trav\u00e9s de pasarelas de pago seguras.<\/p>\n\n\n\n<p><strong>Tarjetas aceptadas:<\/strong><\/p>\n\n\n\n<ul class=\"wp-block-list\">\n<li>Visa<\/li>\n\n\n\n<li>tarjeta MasterCard<\/li>\n\n\n\n<li>tarjeta American Express<\/li>\n\n\n\n<li>Tarjetas de d\u00e9bito<\/li>\n<\/ul>\n\n\n\n<p><strong>\u00bfPor qu\u00e9 esta opci\u00f3n?<\/strong><\/p>\n\n\n\n<ul class=\"wp-block-list\">\n<li>Confirmaci\u00f3n de reserva instant\u00e1nea<\/li>\n\n\n\n<li>Pago seguro y encriptado<\/li>\n\n\n\n<li>Disponible en todo el mundo.<\/li>\n\n\n\n<li>R\u00e1pido y conveniente<\/li>\n<\/ul>\n\n\n\n<p><strong>Nota:<\/strong> Los pagos en l\u00ednea pueden incluir peque\u00f1as comisiones de procesamiento cobradas por el proveedor de pago.<\/p>\n<\/div>\n\n\n\n<div class=\"wp-block-column has-border-color has-luminous-vivid-amber-border-color is-layout-flow wp-block-column-is-layout-flow\" style=\"border-width:3px;padding-top:3px;padding-right:3px;padding-bottom:3px;padding-left:3px\">\n<h2 class=\"wp-block-heading\" style=\"text-transform:capitalize\">PayPal<\/h2>\n\n\n\n<p>Puedes pagar de forma segura con PayPal desde cualquier parte del mundo.<\/p>\n\n\n\n<p><strong>Beneficios:<\/strong><\/p>\n\n\n\n<ul class=\"wp-block-list\">\n<li>Protecci\u00f3n del comprador<\/li>\n\n\n\n<li>Pagos internacionales r\u00e1pidos<\/li>\n\n\n\n<li>No es necesario compartir los datos de la tarjeta.<\/li>\n\n\n\n<li>Con la confianza de millones de viajeros<\/li>\n<\/ul>\n\n\n\n<p>Los pagos a trav\u00e9s de PayPal est\u00e1n sujetos a las comisiones de transacci\u00f3n de PayPal.<\/p>\n<\/div>\n<\/div>\n\n<\/div>\n\n\n<div data-spectra-id=\"spectra-72b8a345-cb1a-4596-b397-f14b116df5fc\"\tstyle=\"overflow: visible;\" class=\"spectra-is-root-container alignfull spectra-overlay-color spectra-overflow wp-block-spectra-container\" data-orientation=\"vertical\"\t>\n\t\n\n<div class=\"wp-block-columns is-layout-flex wp-container-core-columns-is-layout-28f84493 wp-block-columns-is-layout-flex\" style=\"border-style:none;border-width:0px\">\n<div class=\"wp-block-column has-border-color has-luminous-vivid-amber-border-color is-layout-flow wp-block-column-is-layout-flow\" style=\"border-width:3px;padding-top:7px;padding-right:7px;padding-bottom:7px;padding-left:7px\">\n<h2 class=\"wp-block-heading\" style=\"text-transform:capitalize\">Transferencia bancaria (Transferencia electr\u00f3nica)<\/h2>\n\n\n\n<p>Para reservas grandes o tours privados, aceptamos transferencias bancarias internacionales.<\/p>\n\n\n\n<p><strong>Ideal para:<\/strong><\/p>\n\n\n\n<ul class=\"wp-block-list\">\n<li>Viajes familiares<\/li>\n\n\n\n<li>Viajes en grupo<\/li>\n\n\n\n<li>Paquetes de varios d\u00edas<\/li>\n\n\n\n<li>Reservas de alto valor<\/li>\n<\/ul>\n\n\n\n<p><strong>Notas importantes:<\/strong><\/p>\n\n\n\n<ul class=\"wp-block-list\">\n<li>Las transferencias bancarias suelen tardar entre 2 y 5 d\u00edas h\u00e1biles.<\/li>\n\n\n\n<li>Todos los gastos bancarios deben ser cubiertos por el remitente.<\/li>\n\n\n\n<li>La reserva se confirma una vez recibido el pago.<\/li>\n<\/ul>\n\n\n\n<p>Tras realizar la reserva, nuestro equipo le enviar\u00e1 los datos bancarios por correo electr\u00f3nico.<\/p>\n<\/div>\n\n\n\n<div class=\"wp-block-column has-border-color has-luminous-vivid-amber-border-color is-layout-flow wp-block-column-is-layout-flow\" style=\"border-width:3px;padding-top:3px;padding-right:3px;padding-bottom:3px;padding-left:3px\">\n<h2 class=\"wp-block-heading\" style=\"text-transform:capitalize\">Pago a la llegada en Jordania<\/h2>\n\n\n\n<p>Entendemos que algunos viajeros prefieren pagar al llegar.<\/p>\n\n\n\n<p><strong>M\u00e9todos de pago disponibles en Jordania:<\/strong><\/p>\n\n\n\n<ul class=\"wp-block-list\">\n<li>Efectivo (USD \/ EUR \/ JOD)<\/li>\n\n\n\n<li>Tarjeta de cr\u00e9dito o d\u00e9bito<\/li>\n<\/ul>\n\n\n\n<p>Esta opci\u00f3n est\u00e1 disponible para determinados tours y viajes privados.<\/p>\n<\/div>\n<\/div>\n\n<\/div>\n\n\n\n<div class=\"wp-block-group is-layout-constrained wp-container-core-group-is-layout-c65dadb5 wp-block-group-is-layout-constrained\" style=\"padding-top:var(--wp--preset--spacing--50);padding-bottom:var(--wp--preset--spacing--50)\"><div class=\"wp-block-group__inner-container\">\n<h2 class=\"wp-block-heading has-text-align-center has-large-font-size\" style=\"text-transform:capitalize\">\ud83d\udd12 Seguridad de pago<\/h2>\n\n\n\n<h2 class=\"wp-block-heading has-text-align-center has-medium-font-size\" style=\"text-transform:capitalize\"><strong>Su seguridad es nuestra prioridad.<\/strong><\/h2>\n\n\n\n<p class=\"has-text-align-center\">Utilizamos sistemas de pago seguros y de confianza para proteger su informaci\u00f3n personal y financiera.<\/p>\n\n\n\n<p class=\"has-text-align-center\">No almacenamos datos de tarjetas en nuestros servidores.<\/p>\n\n\n\n<p class=\"has-text-align-center\">Sitio web protegido con SSL<\/p>\n\n\n\n<p class=\"has-text-align-center\">Transacciones cifradas<\/p>\n<\/div><\/div>\n\n\n\n<hr class=\"wp-block-separator has-text-color has-luminous-vivid-amber-color has-alpha-channel-opacity has-luminous-vivid-amber-background-color has-background\"\/>\n\n\n\n<div class=\"wp-block-group is-layout-constrained wp-container-core-group-is-layout-ce4c1ffa wp-block-group-is-layout-constrained\" style=\"padding-top:var(--wp--preset--spacing--40)\"><div class=\"wp-block-group__inner-container\">\n<h2 class=\"wp-block-heading has-text-align-center\" style=\"text-transform:capitalize\">Pol\u00edtica de dep\u00f3sitos y saldos<\/h2>\n\n\n\n<p class=\"has-text-align-center\">Para confirmar su reserva:<\/p>\n\n\n\n<p class=\"has-text-align-center\">A <strong>dep\u00f3sito<\/strong> es necesario para asegurar hoteles y servicios.<\/p>\n\n\n\n<p class=\"has-text-align-center\">El <strong>saldo restante<\/strong> se puede pagar:<\/p>\n\n\n\n<p class=\"has-text-align-center\">Antes de la llegada en l\u00ednea<\/p>\n\n\n\n<p class=\"has-text-align-center\">O a la llegada a Jordania (dependiendo del tour)<\/p>\n\n\n\n<p class=\"has-text-align-center\">Nuestro equipo le informar\u00e1 claramente del dep\u00f3sito requerido durante el proceso de reserva.<\/p>\n<\/div><\/div>\n\n\n\n<hr class=\"wp-block-separator has-text-color has-luminous-vivid-amber-color has-alpha-channel-opacity has-luminous-vivid-amber-background-color has-background\" style=\"margin-top:var(--wp--preset--spacing--70);margin-bottom:var(--wp--preset--spacing--70)\"\/>\n\n\n\n<div class=\"wp-block-group is-layout-constrained wp-container-core-group-is-layout-e0082cf6 wp-block-group-is-layout-constrained\"><div class=\"wp-block-group__inner-container\">\n<h2 class=\"wp-block-heading has-text-align-center\" style=\"text-transform:capitalize\">\u00bfNecesitas ayuda con el pago?<\/h2>\n\n\n\n<p class=\"has-text-align-center\">Si tiene alguna pregunta sobre las opciones de pago, nuestro equipo estar\u00e1 encantado de ayudarle.<\/p>\n\n\n\n<p class=\"has-text-align-center\">\ud83d\udce7 Correo electr\u00f3nico: elias@aisha-tours.com<br>\ud83d\udcf1 WhatsApp: +962798989027<\/p>\n\n\n\n<p class=\"has-text-align-center\"><strong>Estamos aqu\u00ed para que su reserva sea f\u00e1cil y sin estr\u00e9s.<\/strong><\/p>\n<\/div><\/div>","protected":false},"excerpt":{"rendered":"<p>Payment Methods \u2013 Aisha Tours Secure &amp; Flexible Payment Options At Aisha Tours, we make booking your Jordan trip simple and secure.We offer multiple trusted payment methods to suit travelers from all around the world. \ud83d\udd12 Payment Security Your security is our priority. We use trusted and secure payment systems to protect your personal and [&hellip;]<\/p>\n","protected":false},"author":1,"featured_media":0,"parent":0,"menu_order":0,"comment_status":"closed","ping_status":"closed","template":"","meta":{"_uag_custom_page_level_css":"","site-sidebar-layout":"default","site-content-layout":"","ast-site-content-layout":"default","site-content-style":"default","site-sidebar-style":"default","ast-global-header-display":"","ast-banner-title-visibility":"","ast-main-header-display":"","ast-hfb-above-header-display":"","ast-hfb-below-header-display":"","ast-hfb-mobile-header-display":"","site-post-title":"disabled","ast-breadcrumbs-content":"","ast-featured-img":"","footer-sml-layout":"","ast-disable-related-posts":"","theme-transparent-header-meta":"","adv-header-id-meta":"","stick-header-meta":"","header-above-stick-meta":"","header-main-stick-meta":"","header-below-stick-meta":"","astra-migrate-meta-layouts":"set","ast-page-background-enabled":"default","ast-page-background-meta":{"desktop":{"background-color":"","background-image":"","background-repeat":"repeat","background-position":"center center","background-size":"auto","background-attachment":"scroll","background-type":"","background-media":"","overlay-type":"","overlay-color":"","overlay-opacity":"","overlay-gradient":""},"tablet":{"background-color":"","background-image":"","background-repeat":"repeat","background-position":"center center","background-size":"auto","background-attachment":"scroll","background-type":"","background-media":"","overlay-type":"","overlay-color":"","overlay-opacity":"","overlay-gradient":""},"mobile":{"background-color":"","background-image":"","background-repeat":"repeat","background-position":"center center","background-size":"auto","background-attachment":"scroll","background-type":"","background-media":"","overlay-type":"","overlay-color":"","overlay-opacity":"","overlay-gradient":""}},"ast-content-background-meta":{"desktop":{"background-color":"var(--ast-global-color-5)","background-image":"","background-repeat":"repeat","background-position":"center center","background-size":"auto","background-attachment":"scroll","background-type":"","background-media":"","overlay-type":"","overlay-color":"","overlay-opacity":"","overlay-gradient":""},"tablet":{"background-color":"var(--ast-global-color-5)","background-image":"","background-repeat":"repeat","background-position":"center center","background-size":"auto","background-attachment":"scroll","background-type":"","background-media":"","overlay-type":"","overlay-color":"","overlay-opacity":"","overlay-gradient":""},"mobile":{"background-color":"var(--ast-global-color-5)","background-image":"","background-repeat":"repeat","background-position":"center center","background-size":"auto","background-attachment":"scroll","background-type":"","background-media":"","overlay-type":"","overlay-color":"","overlay-opacity":"","overlay-gradient":""}},"footnotes":""},"class_list":["post-2057","page","type-page","status-publish","hentry"],"uagb_featured_image_src":{"full":false,"thumbnail":false,"medium":false,"medium_large":false,"large":false,"1536x1536":false,"2048x2048":false,"trp-custom-language-flag":false},"uagb_author_info":{"display_name":"eliasdwiri1@gmail.com","author_link":"https:\/\/visitjordan.tours\/es\/author\/eliasdwiri1gmail-com\/"},"uagb_comment_info":0,"uagb_excerpt":"Payment Methods \u2013 Aisha Tours Secure &amp; Flexible Payment Options At Aisha Tours, we make booking your Jordan trip simple and secure.We offer multiple trusted payment methods to suit travelers from all around the world. \ud83d\udd12 Payment Security Your security is our priority. We use trusted and secure payment systems to protect your personal and&hellip;","_links":{"self":[{"href":"https:\/\/visitjordan.tours\/es\/wp-json\/wp\/v2\/pages\/2057","targetHints":{"allow":["GET"]}}],"collection":[{"href":"https:\/\/visitjordan.tours\/es\/wp-json\/wp\/v2\/pages"}],"about":[{"href":"https:\/\/visitjordan.tours\/es\/wp-json\/wp\/v2\/types\/page"}],"author":[{"embeddable":true,"href":"https:\/\/visitjordan.tours\/es\/wp-json\/wp\/v2\/users\/1"}],"replies":[{"embeddable":true,"href":"https:\/\/visitjordan.tours\/es\/wp-json\/wp\/v2\/comments?post=2057"}],"version-history":[{"count":37,"href":"https:\/\/visitjordan.tours\/es\/wp-json\/wp\/v2\/pages\/2057\/revisions"}],"predecessor-version":[{"id":3307,"href":"https:\/\/visitjordan.tours\/es\/wp-json\/wp\/v2\/pages\/2057\/revisions\/3307"}],"wp:attachment":[{"href":"https:\/\/visitjordan.tours\/es\/wp-json\/wp\/v2\/media?parent=2057"}],"curies":[{"name":"wp","href":"https:\/\/api.w.org\/{rel}","templated":true}]}}