{"id":2055,"date":"2026-02-14T18:27:53","date_gmt":"2026-02-14T18:27:53","guid":{"rendered":"https:\/\/forestgreen-hyena-577090.hostingersite.com\/?page_id=2055"},"modified":"2026-02-20T15:13:56","modified_gmt":"2026-02-20T15:13:56","slug":"privacy-policy","status":"publish","type":"page","link":"https:\/\/visitjordan.tours\/es\/privacy-policy\/","title":{"rendered":"pol\u00edtica de privacidad"},"content":{"rendered":"<h2 class=\"wp-block-heading has-text-align-center has-large-font-size\" style=\"text-transform:capitalize\">pol\u00edtica de privacidad<\/h2>\n\n\n<div data-spectra-id=\"spectra-mlv0z8gw-c35x0i\"\tstyle=\"overflow: visible;\" class=\"spectra-is-root-container alignfull spectra-overlay-color spectra-overflow wp-block-spectra-container\" data-orientation=\"vertical\"\t>\n\t\n\n<div class=\"wp-block-group is-layout-constrained wp-block-group-is-layout-constrained\"><div class=\"wp-block-group__inner-container\">\n<h2 class=\"wp-block-heading\" style=\"text-transform:capitalize\">Introducci\u00f3n<\/h2>\n\n\n\n<p>En Aisha Tours, respetamos su privacidad y nos comprometemos a proteger sus datos personales. Esta Pol\u00edtica de Privacidad explica c\u00f3mo recopilamos, usamos y protegemos su informaci\u00f3n cuando utiliza nuestro sitio web.<\/p>\n\n\n\n<hr class=\"wp-block-separator has-alpha-channel-opacity\" \/>\n\n\n\n<h2 class=\"wp-block-heading\" style=\"text-transform:capitalize\">Informaci\u00f3n que recopilamos<\/h2>\n\n\n\n<p>Podemos recopilar informaci\u00f3n personal cuando usted:<\/p>\n\n\n\n<p>\u2022 Enviar una solicitud de reserva<br>\u2022 Rellene un formulario de contacto<br>\u2022 Comun\u00edcate con nosotros por correo electr\u00f3nico o WhatsApp.<br>\u2022 Navega por nuestro sitio web<\/p>\n\n\n\n<p>Esta informaci\u00f3n puede incluir:<\/p>\n\n\n\n<p>\u2022 Nombre completo<br>\u2022 Direcci\u00f3n de correo electr\u00f3nico<br>\u2022 N\u00famero de tel\u00e9fono\/WhatsApp<br>\u2022 Fechas y preferencias de viaje<br>\u2022 N\u00famero de viajeros<br>\u2022 Cualquier informaci\u00f3n que decida compartir con nosotros<\/p>\n\n\n\n<hr class=\"wp-block-separator has-alpha-channel-opacity\" \/>\n\n\n\n<h2 class=\"wp-block-heading\" style=\"text-transform:capitalize\">C\u00f3mo usamos su informaci\u00f3n<\/h2>\n\n\n\n<p>Utilizamos su informaci\u00f3n para:<\/p>\n\n\n\n<p>\u2022 Responder a sus consultas y solicitudes de reserva<br>\u2022 Proporcionar servicios de viaje y planificaci\u00f3n de tours.<br>\u2022 Comunicarnos con usted en relaci\u00f3n con su viaje.<br>\u2022 Mejorar nuestro sitio web y nuestros servicios<\/p>\n\n\n\n<p>Nosotros lo hacemos <strong>no<\/strong> vender o alquilar sus datos personales a terceros.<\/p>\n\n\n\n<hr class=\"wp-block-separator has-alpha-channel-opacity\" \/>\n\n\n\n<h2 class=\"wp-block-heading\" style=\"text-transform:capitalize\">Cookies y an\u00e1lisis web<\/h2>\n\n\n\n<p>Nuestro sitio web puede utilizar cookies y herramientas de an\u00e1lisis (como Google Analytics) para:<\/p>\n\n\n\n<p>\u2022 Comprender c\u00f3mo los visitantes utilizan el sitio web.<br>\u2022 Mejorar el rendimiento y la experiencia del usuario.<\/p>\n\n\n\n<p>Estas herramientas recopilan datos an\u00f3nimos, como las p\u00e1ginas visitadas y el tiempo de permanencia en el sitio web.<\/p>\n\n\n\n<hr class=\"wp-block-separator has-alpha-channel-opacity\" \/>\n\n\n\n<h2 class=\"wp-block-heading\" style=\"text-transform:capitalize\">Intercambio de datos<\/h2>\n\n\n\n<p>Podemos compartir la informaci\u00f3n necesaria con socios de confianza \u00fanicamente cuando sea necesario para prestar servicios de viaje, tales como:<\/p>\n\n\n\n<p>\u2022 Hoteles<br>\u2022 Conductores y gu\u00edas<br>\u2022 Proveedores de transporte<\/p>\n\n\n\n<p>\u00danicamente se compartir\u00e1 la informaci\u00f3n necesaria para prestarle los servicios de viaje.<\/p>\n\n\n\n<hr class=\"wp-block-separator has-alpha-channel-opacity\" \/>\n\n\n\n<h2 class=\"wp-block-heading\" style=\"text-transform:capitalize\">Seguridad de los datos<\/h2>\n\n\n\n<p>Adoptamos medidas t\u00e9cnicas y organizativas razonables para proteger sus datos personales contra el acceso no autorizado, la p\u00e9rdida o el uso indebido.<\/p>\n\n\n\n<hr class=\"wp-block-separator has-alpha-channel-opacity\" \/>\n\n\n\n<h2 class=\"wp-block-heading\" style=\"text-transform:capitalize\">Enlaces de terceros<\/h2>\n\n\n\n<p>Nuestro sitio web puede contener enlaces a sitios web externos.<br>No nos hacemos responsables de las pr\u00e1cticas de privacidad de esos sitios web.<\/p>\n\n\n\n<hr class=\"wp-block-separator has-alpha-channel-opacity\" \/>\n\n\n\n<h2 class=\"wp-block-heading\" style=\"text-transform:capitalize\">Sus derechos<\/h2>\n\n\n\n<p>Usted puede solicitar:<\/p>\n\n\n\n<p>\u2022 Acceder a sus datos personales<br>\u2022 Corrija o actualice su informaci\u00f3n.<br>\u2022 Solicitar la eliminaci\u00f3n de sus datos<\/p>\n\n\n\n<p>Para ello, p\u00f3ngase en contacto con nosotros por correo electr\u00f3nico.<\/p>\n\n\n\n<hr class=\"wp-block-separator has-alpha-channel-opacity\" \/>\n\n\n\n<h2 class=\"wp-block-heading\" style=\"text-transform:capitalize\">Cont\u00e1ctanos<\/h2>\n\n\n\n<p>Si tiene alguna pregunta sobre esta Pol\u00edtica de Privacidad, p\u00f3ngase en contacto con:<\/p>\n\n\n\n<p><strong>Aisha Tours<\/strong><br>Correo electr\u00f3nico: <a>elias@aisha-tours.com<\/a><\/p>\n\n\n\n<hr class=\"wp-block-separator has-alpha-channel-opacity\" \/>\n\n\n\n<h2 class=\"wp-block-heading\" style=\"text-transform:capitalize\">Actualizaciones de esta pol\u00edtica<\/h2>\n\n\n\n<p>Es posible que actualicemos esta Pol\u00edtica de Privacidad peri\u00f3dicamente.<br>Cualquier actualizaci\u00f3n se publicar\u00e1 en esta p\u00e1gina.<\/p>\n\n\n\n<hr class=\"wp-block-separator has-alpha-channel-opacity\" \/>\n\n\n\n<p class=\"has-text-align-center\"><strong>\u00daltima actualizaci\u00f3n: febrero de 2026<\/strong><\/p>\n<\/div><\/div>\n\n<\/div>","protected":false},"excerpt":{"rendered":"<p>pol\u00edtica de privacidad<\/p>","protected":false},"author":1,"featured_media":0,"parent":0,"menu_order":0,"comment_status":"closed","ping_status":"closed","template":"","meta":{"_uag_custom_page_level_css":"","site-sidebar-layout":"default","site-content-layout":"","ast-site-content-layout":"default","site-content-style":"default","site-sidebar-style":"default","ast-global-header-display":"","ast-banner-title-visibility":"","ast-main-header-display":"","ast-hfb-above-header-display":"","ast-hfb-below-header-display":"","ast-hfb-mobile-header-display":"","site-post-title":"disabled","ast-breadcrumbs-content":"","ast-featured-img":"","footer-sml-layout":"","ast-disable-related-posts":"","theme-transparent-header-meta":"","adv-header-id-meta":"","stick-header-meta":"","header-above-stick-meta":"","header-main-stick-meta":"","header-below-stick-meta":"","astra-migrate-meta-layouts":"set","ast-page-background-enabled":"default","ast-page-background-meta":{"desktop":{"background-color":"","background-image":"","background-repeat":"repeat","background-position":"center center","background-size":"auto","background-attachment":"scroll","background-type":"","background-media":"","overlay-type":"","overlay-color":"","overlay-opacity":"","overlay-gradient":""},"tablet":{"background-color":"","background-image":"","background-repeat":"repeat","background-position":"center center","background-size":"auto","background-attachment":"scroll","background-type":"","background-media":"","overlay-type":"","overlay-color":"","overlay-opacity":"","overlay-gradient":""},"mobile":{"background-color":"","background-image":"","background-repeat":"repeat","background-position":"center center","background-size":"auto","background-attachment":"scroll","background-type":"","background-media":"","overlay-type":"","overlay-color":"","overlay-opacity":"","overlay-gradient":""}},"ast-content-background-meta":{"desktop":{"background-color":"var(--ast-global-color-5)","background-image":"","background-repeat":"repeat","background-position":"center center","background-size":"auto","background-attachment":"scroll","background-type":"","background-media":"","overlay-type":"","overlay-color":"","overlay-opacity":"","overlay-gradient":""},"tablet":{"background-color":"var(--ast-global-color-5)","background-image":"","background-repeat":"repeat","background-position":"center center","background-size":"auto","background-attachment":"scroll","background-type":"","background-media":"","overlay-type":"","overlay-color":"","overlay-opacity":"","overlay-gradient":""},"mobile":{"background-color":"var(--ast-global-color-5)","background-image":"","background-repeat":"repeat","background-position":"center center","background-size":"auto","background-attachment":"scroll","background-type":"","background-media":"","overlay-type":"","overlay-color":"","overlay-opacity":"","overlay-gradient":""}},"footnotes":""},"class_list":["post-2055","page","type-page","status-publish","hentry"],"uagb_featured_image_src":{"full":false,"thumbnail":false,"medium":false,"medium_large":false,"large":false,"1536x1536":false,"2048x2048":false,"trp-custom-language-flag":false},"uagb_author_info":{"display_name":"eliasdwiri1@gmail.com","author_link":"https:\/\/visitjordan.tours\/es\/author\/eliasdwiri1gmail-com\/"},"uagb_comment_info":0,"uagb_excerpt":"Privacy Policy","_links":{"self":[{"href":"https:\/\/visitjordan.tours\/es\/wp-json\/wp\/v2\/pages\/2055","targetHints":{"allow":["GET"]}}],"collection":[{"href":"https:\/\/visitjordan.tours\/es\/wp-json\/wp\/v2\/pages"}],"about":[{"href":"https:\/\/visitjordan.tours\/es\/wp-json\/wp\/v2\/types\/page"}],"author":[{"embeddable":true,"href":"https:\/\/visitjordan.tours\/es\/wp-json\/wp\/v2\/users\/1"}],"replies":[{"embeddable":true,"href":"https:\/\/visitjordan.tours\/es\/wp-json\/wp\/v2\/comments?post=2055"}],"version-history":[{"count":12,"href":"https:\/\/visitjordan.tours\/es\/wp-json\/wp\/v2\/pages\/2055\/revisions"}],"predecessor-version":[{"id":3233,"href":"https:\/\/visitjordan.tours\/es\/wp-json\/wp\/v2\/pages\/2055\/revisions\/3233"}],"wp:attachment":[{"href":"https:\/\/visitjordan.tours\/es\/wp-json\/wp\/v2\/media?parent=2055"}],"curies":[{"name":"wp","href":"https:\/\/api.w.org\/{rel}","templated":true}]}}